{"id":400,"date":"2025-11-05T16:18:40","date_gmt":"2025-11-05T15:18:40","guid":{"rendered":"https:\/\/apsmiranda.org\/regalini\/?post_type=product&#038;p=400"},"modified":"2026-04-16T10:27:03","modified_gmt":"2026-04-16T08:27:03","slug":"guidasolarpunk","status":"publish","type":"product","link":"https:\/\/apsmiranda.org\/regalini\/prodotto\/guidasolarpunk\/","title":{"rendered":"Guida pratica al Solarpunk"},"content":{"rendered":"<p>E se smettessimo di temere il futuro e iniziassimo a costruirlo?<br \/>\nQuesta non \u00e8 una semplice guida a fumetti sul solarpunk: \u00e8 una<br \/>\ncassetta degli attrezzi e una mappa di futuri possibili per chi non si<br \/>\narrende. Dall\u2019Italia alle Filippine, dalla Malesia al Brasile, l\u2019ingegno diventa<br \/>\ntattica: scoprirete come i naniti di bonifica difendono una comunit\u00e0<br \/>\ndall\u2019acidificazione del terreno, come la fermentazione pu\u00f2 resuscitare<br \/>\nsapori perduti, e come la bio-stampa di semi pu\u00f2 far sbocciare la luce<br \/>\ndal cemento.<br \/>\nLotte contadine, rivoluzioni botaniche e sabotaggi ecologici diventano<br \/>\nstrategie concrete. Queste storie hanno il potenziale per uscire dalle<br \/>\npagine e ispirare un domani non solo pi\u00f9 verde, ma radicalmente pi\u00f9<br \/>\ninclusivo, equo e pieno di meraviglia.<br \/>\nPerch\u00e9 il solarpunk migliore \u00e8 quello che si fa, non quello che si aspetta.<br \/>\nPerch\u00e9 pi\u00f9 che una guida, questo fumetto \u00e8 un ecosistema di storie.<br \/>\nEntra e aiutalo a crescere.<\/p>\n","protected":false},"excerpt":{"rendered":"<p><strong>Autori:<br \/>\n<\/strong>AA.VV.<br \/>\n<strong>Editore:<\/strong><br \/>\nFuture Fiction<br \/>\n<strong>Pagine:<\/strong><br \/>\n156<br \/>\n<strong>genere:<\/strong><br \/>\nSolarpunk, Fantascienza<br \/>\n<strong>Tipologia stampa:<\/strong><br \/>\nStampa digitale<\/p>\n","protected":false},"featured_media":401,"comment_status":"open","ping_status":"closed","template":"","meta":{"wds_primary_product_brand":0,"wds_primary_product_cat":0},"product_brand":[26],"product_cat":[25,18],"product_tag":[28],"class_list":{"0":"post-400","1":"product","2":"type-product","3":"status-publish","4":"has-post-thumbnail","6":"product_brand-future-fiction","7":"product_cat-future-fiction","8":"product_cat-libri","9":"product_tag-solarpunk","11":"first","12":"instock","13":"taxable","14":"shipping-taxable","15":"purchasable","16":"product-type-simple"},"_links":{"self":[{"href":"https:\/\/apsmiranda.org\/regalini\/wp-json\/wp\/v2\/product\/400","targetHints":{"allow":["GET"]}}],"collection":[{"href":"https:\/\/apsmiranda.org\/regalini\/wp-json\/wp\/v2\/product"}],"about":[{"href":"https:\/\/apsmiranda.org\/regalini\/wp-json\/wp\/v2\/types\/product"}],"replies":[{"embeddable":true,"href":"https:\/\/apsmiranda.org\/regalini\/wp-json\/wp\/v2\/comments?post=400"}],"wp:featuredmedia":[{"embeddable":true,"href":"https:\/\/apsmiranda.org\/regalini\/wp-json\/wp\/v2\/media\/401"}],"wp:attachment":[{"href":"https:\/\/apsmiranda.org\/regalini\/wp-json\/wp\/v2\/media?parent=400"}],"wp:term":[{"taxonomy":"product_brand","embeddable":true,"href":"https:\/\/apsmiranda.org\/regalini\/wp-json\/wp\/v2\/product_brand?post=400"},{"taxonomy":"product_cat","embeddable":true,"href":"https:\/\/apsmiranda.org\/regalini\/wp-json\/wp\/v2\/product_cat?post=400"},{"taxonomy":"product_tag","embeddable":true,"href":"https:\/\/apsmiranda.org\/regalini\/wp-json\/wp\/v2\/product_tag?post=400"}],"curies":[{"name":"wp","href":"https:\/\/api.w.org\/{rel}","templated":true}]}}